{"id":1376,"date":"2024-05-28T00:24:16","date_gmt":"2024-05-28T03:24:16","guid":{"rendered":"https:\/\/lightsout.pro\/?page_id=1376"},"modified":"2024-05-29T11:10:03","modified_gmt":"2024-05-29T14:10:03","slug":"marketing-experiencial","status":"publish","type":"page","link":"https:\/\/lightsout.pro\/en\/marketing-experiencial\/","title":{"rendered":"EXPERIENTIAL MARKETING\u00a0"},"content":{"rendered":"<div class=\"wp-block-group alignfull is-content-justification-center is-layout-constrained wp-container-core-group-is-layout-be3ca387 wp-block-group-is-layout-constrained\" style=\"margin-top:0;margin-bottom:0;padding-top:calc( 0.5 * var(--wp--style--root--padding-right, var(--wp--custom--gap--horizontal)));padding-right:var(--wp--style--root--padding-right, var(--wp--custom--gap--horizontal));padding-bottom:calc( 0.5 * var(--wp--style--root--padding-right, var(--wp--custom--gap--horizontal)));padding-left:var(--wp--style--root--padding-left, var(--wp--custom--gap--horizontal))\">\n<div style=\"height:calc( 0.25 * var(--wp--style--root--padding-right, var(--wp--custom--gap--horizontal)))\" aria-hidden=\"true\" class=\"wp-block-spacer\"><\/div>\n\n\n\n<figure class=\"wp-block-image aligncenter size-full is-resized\"><img data-recalc-dims=\"1\" loading=\"lazy\" decoding=\"async\" width=\"1280\" height=\"960\" data-attachment-id=\"221\" data-permalink=\"https:\/\/lightsout.pro\/en\/?attachment_id=221\" data-orig-file=\"https:\/\/i0.wp.com\/lightsout.pro\/wp-content\/uploads\/2024\/05\/photo_2024-05-14_10-46-28.jpg?fit=1280%2C960&amp;ssl=1\" data-orig-size=\"1280,960\" data-comments-opened=\"1\" data-image-meta=\"{&quot;aperture&quot;:&quot;0&quot;,&quot;credit&quot;:&quot;&quot;,&quot;camera&quot;:&quot;&quot;,&quot;caption&quot;:&quot;&quot;,&quot;created_timestamp&quot;:&quot;0&quot;,&quot;copyright&quot;:&quot;&quot;,&quot;focal_length&quot;:&quot;0&quot;,&quot;iso&quot;:&quot;0&quot;,&quot;shutter_speed&quot;:&quot;0&quot;,&quot;title&quot;:&quot;&quot;,&quot;orientation&quot;:&quot;0&quot;}\" data-image-title=\"photo_2024-05-14_10-46-28\" data-image-description=\"\" data-image-caption=\"\" data-large-file=\"https:\/\/i0.wp.com\/lightsout.pro\/wp-content\/uploads\/2024\/05\/photo_2024-05-14_10-46-28.jpg?fit=1024%2C768&amp;ssl=1\" src=\"https:\/\/i0.wp.com\/lightsout.pro\/wp-content\/uploads\/2024\/05\/photo_2024-05-14_10-46-28.jpg?resize=1280%2C960&#038;ssl=1\" alt=\"\" class=\"wp-image-221\" style=\"width:912px;height:auto\" srcset=\"https:\/\/i0.wp.com\/lightsout.pro\/wp-content\/uploads\/2024\/05\/photo_2024-05-14_10-46-28.jpg?w=1280&amp;ssl=1 1280w, https:\/\/i0.wp.com\/lightsout.pro\/wp-content\/uploads\/2024\/05\/photo_2024-05-14_10-46-28.jpg?resize=300%2C225&amp;ssl=1 300w, https:\/\/i0.wp.com\/lightsout.pro\/wp-content\/uploads\/2024\/05\/photo_2024-05-14_10-46-28.jpg?resize=1024%2C768&amp;ssl=1 1024w, https:\/\/i0.wp.com\/lightsout.pro\/wp-content\/uploads\/2024\/05\/photo_2024-05-14_10-46-28.jpg?resize=768%2C576&amp;ssl=1 768w, https:\/\/i0.wp.com\/lightsout.pro\/wp-content\/uploads\/2024\/05\/photo_2024-05-14_10-46-28.jpg?resize=1200%2C900&amp;ssl=1 1200w, https:\/\/i0.wp.com\/lightsout.pro\/wp-content\/uploads\/2024\/05\/photo_2024-05-14_10-46-28.jpg?resize=800%2C600&amp;ssl=1 800w, https:\/\/i0.wp.com\/lightsout.pro\/wp-content\/uploads\/2024\/05\/photo_2024-05-14_10-46-28.jpg?resize=600%2C450&amp;ssl=1 600w, https:\/\/i0.wp.com\/lightsout.pro\/wp-content\/uploads\/2024\/05\/photo_2024-05-14_10-46-28.jpg?resize=400%2C300&amp;ssl=1 400w, https:\/\/i0.wp.com\/lightsout.pro\/wp-content\/uploads\/2024\/05\/photo_2024-05-14_10-46-28.jpg?resize=200%2C150&amp;ssl=1 200w\" sizes=\"auto, (max-width: 1280px) 100vw, 1280px\" \/><\/figure>\n\n\n\n<div style=\"height:calc( 0.25 * var(--wp--style--root--padding-right, var(--wp--custom--gap--horizontal)))\" aria-hidden=\"true\" class=\"wp-block-spacer\"><\/div>\n\n\n\n<div style=\"height:var(--wp--preset--spacing--50)\" aria-hidden=\"true\" class=\"wp-block-spacer\"><\/div>\n<\/div>\n\n\n\n<div class=\"wp-block-group alignfull is-content-justification-center is-layout-constrained wp-container-core-group-is-layout-3170ca82 wp-block-group-is-layout-constrained\" style=\"margin-top:0;margin-bottom:0;padding-top:calc( 0.5 * var(--wp--style--root--padding-right, var(--wp--custom--gap--horizontal)));padding-right:var(--wp--style--root--padding-right, var(--wp--custom--gap--horizontal));padding-bottom:calc( 0.5 * var(--wp--style--root--padding-right, var(--wp--custom--gap--horizontal)));padding-left:var(--wp--style--root--padding-left, var(--wp--custom--gap--horizontal))\">\n<div class=\"wp-block-columns alignwide is-layout-flex wp-container-core-columns-is-layout-5cfdf978 wp-block-columns-is-layout-flex\" style=\"padding-top:var(--wp--preset--spacing--10);padding-bottom:var(--wp--preset--spacing--10)\">\n<div class=\"wp-block-column is-layout-flow wp-container-core-column-is-layout-534a3a1e wp-block-column-is-layout-flow\">\n<div class=\"wp-block-group is-vertical is-layout-flex wp-container-core-group-is-layout-1f26014c wp-block-group-is-layout-flex\">\n<h6 class=\"wp-block-heading has-medium-font-size\">EXPERIENTIAL MARKETING <\/h6>\n\n\n\n<p class=\"wp-block-paragraph\">We're involved in creating value and positive impact in the international motorsport ecosystem.&nbsp;<\/p>\n\n\n\n<p class=\"wp-block-paragraph\">We help you understand trends, adopt new ideas and approaches to foster smart business. From making a good impression amidst changing stakeholder expectations to creating and developing immersive experiences that go beyond being attractive and useful to becoming memorable events for your target audience.<\/p>\n\n\n\n<p class=\"wp-block-paragraph\">We have experience in creating dynamic events and attractive proposals with smart budgets. We tailor experiences precisely to create a greater impact on your business relationships.<\/p>\n<\/div>\n\n\n\n<div style=\"height:177px\" aria-hidden=\"true\" class=\"wp-block-spacer\"><\/div>\n\n\n\n<div style=\"height:var(--wp--preset--spacing--30)\" aria-hidden=\"true\" class=\"wp-block-spacer\"><\/div>\n\n\n\n<div style=\"height:var(--wp--preset--spacing--30)\" aria-hidden=\"true\" class=\"wp-block-spacer\"><\/div>\n<\/div>\n<\/div>\n<\/div>","protected":false},"excerpt":{"rendered":"<p>MARKETING EXPERIENCIAL Estamos presentes en el negocio de crear valor e impacto positivo en el ecosistema del deporte motor internacional.&nbsp; Te ayudamos a conocer las tendencias, adoptar nuevas ideas y enfoques para fomentar negocios inteligentes. Desde c\u00f3mo generar una buena impresi\u00f3n en las cambiantes expectativas de los stakeholders hasta la creaci\u00f3n y desarrollo de experiencias [&hellip;]<\/p>\n","protected":false},"author":250062305,"featured_media":0,"parent":0,"menu_order":0,"comment_status":"closed","ping_status":"closed","template":"","meta":{"_crdt_document":"","advanced_seo_description":"","jetpack_seo_html_title":"","jetpack_seo_noindex":false,"footnotes":""},"class_list":["post-1376","page","type-page","status-publish","hentry"],"blocksy_meta":{"has_hero_section":"disabled","styles_descriptor":{"styles":{"desktop":"","tablet":"","mobile":""},"google_fonts":[],"version":6}},"jetpack_likes_enabled":true,"jetpack_sharing_enabled":true,"jetpack_shortlink":"https:\/\/wp.me\/PfJzQa-mc","jetpack-related-posts":[],"_links":{"self":[{"href":"https:\/\/lightsout.pro\/en\/wp-json\/wp\/v2\/pages\/1376","targetHints":{"allow":["GET"]}}],"collection":[{"href":"https:\/\/lightsout.pro\/en\/wp-json\/wp\/v2\/pages"}],"about":[{"href":"https:\/\/lightsout.pro\/en\/wp-json\/wp\/v2\/types\/page"}],"author":[{"embeddable":true,"href":"https:\/\/lightsout.pro\/en\/wp-json\/wp\/v2\/users\/250062305"}],"replies":[{"embeddable":true,"href":"https:\/\/lightsout.pro\/en\/wp-json\/wp\/v2\/comments?post=1376"}],"version-history":[{"count":5,"href":"https:\/\/lightsout.pro\/en\/wp-json\/wp\/v2\/pages\/1376\/revisions"}],"predecessor-version":[{"id":1557,"href":"https:\/\/lightsout.pro\/en\/wp-json\/wp\/v2\/pages\/1376\/revisions\/1557"}],"wp:attachment":[{"href":"https:\/\/lightsout.pro\/en\/wp-json\/wp\/v2\/media?parent=1376"}],"curies":[{"name":"wp","href":"https:\/\/api.w.org\/{rel}","templated":true}]}}